{"id":83,"date":"2021-02-19T20:26:06","date_gmt":"2021-02-20T00:26:06","guid":{"rendered":"http:\/\/almacenesprogreso.com\/?page_id=83"},"modified":"2021-05-17T12:01:22","modified_gmt":"2021-05-17T16:01:22","slug":"nosotros","status":"publish","type":"page","link":"https:\/\/almacenesprogreso.com\/?page_id=83","title":{"rendered":"Nosotros"},"content":{"rendered":"\t\t<div data-elementor-type=\"wp-page\" data-elementor-id=\"83\" class=\"elementor elementor-83\" data-elementor-settings=\"[]\">\n\t\t\t\t\t\t\t<div class=\"elementor-section-wrap\">\n\t\t\t\t\t\t\t<section class=\"elementor-section elementor-top-section elementor-element elementor-element-1ddcec5 elementor-section-boxed elementor-section-height-default elementor-section-height-default\" data-id=\"1ddcec5\" data-element_type=\"section\">\n\t\t\t\t\t\t<div class=\"elementor-container elementor-column-gap-default\">\n\t\t\t\t\t<div class=\"elementor-column elementor-col-33 elementor-top-column elementor-element elementor-element-0475810\" data-id=\"0475810\" data-element_type=\"column\">\n\t\t\t<div class=\"elementor-widget-wrap elementor-element-populated\">\n\t\t\t\t\t\t\t\t<div class=\"elementor-element elementor-element-530c55f elementor-widget elementor-widget-image\" data-id=\"530c55f\" data-element_type=\"widget\" data-widget_type=\"image.default\">\n\t\t\t\t<div class=\"elementor-widget-container\">\n\t\t\t\t\t<div class=\"elementor-image\">\n\t\t\t\t\t\t\t\t\t\t<img loading=\"lazy\" decoding=\"async\" width=\"640\" height=\"353\" src=\"https:\/\/almacenesprogreso.com\/wp-content\/uploads\/2021\/02\/nosotros-1.jpg\" class=\"attachment-large size-large\" alt=\"\" srcset=\"https:\/\/almacenesprogreso.com\/wp-content\/uploads\/2021\/02\/nosotros-1.jpg 924w, https:\/\/almacenesprogreso.com\/wp-content\/uploads\/2021\/02\/nosotros-1-300x166.jpg 300w, https:\/\/almacenesprogreso.com\/wp-content\/uploads\/2021\/02\/nosotros-1-768x424.jpg 768w\" sizes=\"auto, (max-width: 640px) 100vw, 640px\" \/>\t\t\t\t\t\t\t\t\t\t\t<\/div>\n\t\t\t\t<\/div>\n\t\t\t\t<\/div>\n\t\t\t\t\t<\/div>\n\t\t<\/div>\n\t\t\t\t<div class=\"elementor-column elementor-col-33 elementor-top-column elementor-element elementor-element-1564a61\" data-id=\"1564a61\" data-element_type=\"column\">\n\t\t\t<div class=\"elementor-widget-wrap elementor-element-populated\">\n\t\t\t\t\t\t\t\t<div class=\"elementor-element elementor-element-6d932bc elementor-widget elementor-widget-image\" data-id=\"6d932bc\" data-element_type=\"widget\" data-widget_type=\"image.default\">\n\t\t\t\t<div class=\"elementor-widget-container\">\n\t\t\t\t\t<div class=\"elementor-image\">\n\t\t\t\t\t\t\t\t\t\t<img loading=\"lazy\" decoding=\"async\" width=\"640\" height=\"353\" src=\"https:\/\/almacenesprogreso.com\/wp-content\/uploads\/2021\/02\/nosotros-2.jpg\" class=\"attachment-large size-large\" alt=\"\" srcset=\"https:\/\/almacenesprogreso.com\/wp-content\/uploads\/2021\/02\/nosotros-2.jpg 924w, https:\/\/almacenesprogreso.com\/wp-content\/uploads\/2021\/02\/nosotros-2-300x166.jpg 300w, https:\/\/almacenesprogreso.com\/wp-content\/uploads\/2021\/02\/nosotros-2-768x424.jpg 768w\" sizes=\"auto, (max-width: 640px) 100vw, 640px\" \/>\t\t\t\t\t\t\t\t\t\t\t<\/div>\n\t\t\t\t<\/div>\n\t\t\t\t<\/div>\n\t\t\t\t\t<\/div>\n\t\t<\/div>\n\t\t\t\t<div class=\"elementor-column elementor-col-33 elementor-top-column elementor-element elementor-element-9f5f791\" data-id=\"9f5f791\" data-element_type=\"column\">\n\t\t\t<div class=\"elementor-widget-wrap elementor-element-populated\">\n\t\t\t\t\t\t\t\t<div class=\"elementor-element elementor-element-c8205fd elementor-widget elementor-widget-image\" data-id=\"c8205fd\" data-element_type=\"widget\" data-widget_type=\"image.default\">\n\t\t\t\t<div class=\"elementor-widget-container\">\n\t\t\t\t\t<div class=\"elementor-image\">\n\t\t\t\t\t\t\t\t\t\t<img loading=\"lazy\" decoding=\"async\" width=\"640\" height=\"353\" src=\"https:\/\/almacenesprogreso.com\/wp-content\/uploads\/2021\/02\/nosotros-3.jpg\" class=\"attachment-large size-large\" alt=\"\" srcset=\"https:\/\/almacenesprogreso.com\/wp-content\/uploads\/2021\/02\/nosotros-3.jpg 924w, https:\/\/almacenesprogreso.com\/wp-content\/uploads\/2021\/02\/nosotros-3-300x166.jpg 300w, https:\/\/almacenesprogreso.com\/wp-content\/uploads\/2021\/02\/nosotros-3-768x424.jpg 768w\" sizes=\"auto, (max-width: 640px) 100vw, 640px\" \/>\t\t\t\t\t\t\t\t\t\t\t<\/div>\n\t\t\t\t<\/div>\n\t\t\t\t<\/div>\n\t\t\t\t\t<\/div>\n\t\t<\/div>\n\t\t\t\t\t\t\t<\/div>\n\t\t<\/section>\n\t\t\t\t<section class=\"elementor-section elementor-top-section elementor-element elementor-element-d549a97 elementor-section-boxed elementor-section-height-default elementor-section-height-default\" data-id=\"d549a97\" data-element_type=\"section\">\n\t\t\t\t\t\t<div class=\"elementor-container elementor-column-gap-default\">\n\t\t\t\t\t<div class=\"elementor-column elementor-col-100 elementor-top-column elementor-element elementor-element-14b4947\" data-id=\"14b4947\" data-element_type=\"column\">\n\t\t\t<div class=\"elementor-widget-wrap elementor-element-populated\">\n\t\t\t\t\t\t\t\t<div class=\"elementor-element elementor-element-11c7f57 elementor-widget elementor-widget-heading\" data-id=\"11c7f57\" data-element_type=\"widget\" data-widget_type=\"heading.default\">\n\t\t\t\t<div class=\"elementor-widget-container\">\n\t\t\t<h2 class=\"elementor-heading-title elementor-size-default\">Nuestra historia<\/h2>\t\t<\/div>\n\t\t\t\t<\/div>\n\t\t\t\t<div class=\"elementor-element elementor-element-acbb28d elementor-widget elementor-widget-text-editor\" data-id=\"acbb28d\" data-element_type=\"widget\" data-widget_type=\"text-editor.default\">\n\t\t\t\t<div class=\"elementor-widget-container\">\n\t\t\t\t\t<div class=\"elementor-text-editor elementor-clearfix\"><p>Almacenes Progreso SRL nace en la ciudad de Santo Domingo, Rep\u00fablica Dominicana a finales del a\u00f1o 2014. Surge con la idea de formar una empresa que supliera a la sociedad dominicana de productos de consumo masivo con calidad superior y a precios competitivos, teniendo siempre como prioridad un servicio de primera.<\/p><p>En sus inicios, lanza al mercado la marca SLEEPY, productos higi\u00e9nicos desechables para todas las etapas de crecimiento del beb\u00e9, incluyendo los training pants y training pants jeans y una l\u00ednea de adultos con una imagen vistosa y calidad superior que ha marcado la diferencia en su categor\u00eda. Pa\u00f1itos h\u00famedos de la misma marca, igual calidad, exquisita fragancia y diferentes presentaciones, han ocupado r\u00e1pidamente un lugar importante en la preferencia de los consumidores.<\/p><p>Adicionalmente, se han incorporado otros productos dentro de la misma marca: toallas sanitarias, Make Up Remover, Swimming Pants, pa\u00f1itos h\u00famedos de Adultos, pa\u00f1itos h\u00famedos antibacteriales y antimicrobiales. Se introduce tambi\u00e9n la \u00fanica e innovadora l\u00ednea de pa\u00f1ales Natural, que cuentan con el sistema 3 en 1: tejido suave con agua pura, capas absorbentes de bamboo natural y fibras de algod\u00f3n org\u00e1nico que elimina la sensaci\u00f3n de humedad.<\/p><p>En el a\u00f1o 2016 es introducida la marca PEROS, una l\u00ednea de productos de limpieza en diferentes presentaciones y aromas que encantan a todos los que la prueban, con una llamativa presentaci\u00f3n que resalta en g\u00f3ndolas y con excelente relaci\u00f3n calidad\/precio. Recientemente, se han introducido suavizantes para la ropa en cuatro fragancias, detergente en polvo en dos presentaciones (400g y 1000g) y el multiuso ASPEROX para las m\u00faltiples tareas de limpieza.<\/p><p>En el a\u00f1o 2018 es incluida la marca ISACCO, una l\u00ednea de esponjas, fibras verdes, brillos finos, pa\u00f1os multiuso, entre otros, para complementar la l\u00ednea PEROS y as\u00ed satisfacer todas las tareas de limpieza en nuestros hogares y oficinas.<\/p><p>Ya en el a\u00f1o 2019 le dimos la bienvenida a la marca AP SUPER LAVADO, una l\u00ednea de detergente en polvo, en diferentes formatos, fragancia agradable y de gran rendimiento en los procesos de lavado, siguiendo el lineamiento de la empresa de llevar al mercado productos de calidad a precios asequibles.<\/p><p>El r\u00e1pido crecimiento habla de la calidad de todas nuestras marcas y del compromiso de un servicio de primera a todos nuestros clientes.<\/p><\/div>\n\t\t\t\t<\/div>\n\t\t\t\t<\/div>\n\t\t\t\t\t<\/div>\n\t\t<\/div>\n\t\t\t\t\t\t\t<\/div>\n\t\t<\/section>\n\t\t\t\t<section class=\"elementor-section elementor-top-section elementor-element elementor-element-f4b0543 elementor-section-boxed elementor-section-height-default elementor-section-height-default\" data-id=\"f4b0543\" data-element_type=\"section\">\n\t\t\t\t\t\t<div class=\"elementor-container elementor-column-gap-default\">\n\t\t\t\t\t<div class=\"elementor-column elementor-col-100 elementor-top-column elementor-element elementor-element-dad066d\" data-id=\"dad066d\" data-element_type=\"column\">\n\t\t\t<div class=\"elementor-widget-wrap elementor-element-populated\">\n\t\t\t\t\t\t\t\t<div class=\"elementor-element elementor-element-914d017 elementor-widget elementor-widget-text-editor\" data-id=\"914d017\" data-element_type=\"widget\" data-widget_type=\"text-editor.default\">\n\t\t\t\t<div class=\"elementor-widget-container\">\n\t\t\t\t\t<div class=\"elementor-text-editor elementor-clearfix\"><p>Contamos con un cuerpo de ventas que da soporte a nivel nacional y un departamento de log\u00edstica que coordina la recepci\u00f3n y entrega de mercanc\u00eda de forma oportuna, logrando as\u00ed ofrecer un servicio y entrega constante.<\/p><\/div>\n\t\t\t\t<\/div>\n\t\t\t\t<\/div>\n\t\t\t\t\t<\/div>\n\t\t<\/div>\n\t\t\t\t\t\t\t<\/div>\n\t\t<\/section>\n\t\t\t\t\t\t<\/div>\n\t\t\t\t\t<\/div>\n\t\t","protected":false},"excerpt":{"rendered":"<p>Nuestra historia Almacenes Progreso SRL nace en la ciudad de Santo Domingo, Rep\u00fablica Dominicana a finales del a\u00f1o 2014. Surge con la idea de formar una empresa que supliera a la sociedad dominicana de productos de consumo masivo con calidad superior y a precios competitivos, teniendo siempre como prioridad un servicio de primera. En sus [&hellip;]<\/p>\n","protected":false},"author":1,"featured_media":0,"parent":0,"menu_order":0,"comment_status":"closed","ping_status":"closed","template":"","meta":{"footnotes":""},"class_list":["post-83","page","type-page","status-publish","hentry"],"yoast_head":"<!-- This site is optimized with the Yoast SEO plugin v16.1.1 - https:\/\/yoast.com\/wordpress\/plugins\/seo\/ -->\n<title>Nosotros &bull; Almacenes Progreso<\/title>\n<link rel=\"canonical\" href=\"https:\/\/almacenesprogreso.com\/?page_id=83\" \/>\n<meta property=\"og:locale\" content=\"es_ES\" \/>\n<meta property=\"og:type\" content=\"article\" \/>\n<meta property=\"og:title\" content=\"Nosotros &bull; Almacenes Progreso\" \/>\n<meta property=\"og:description\" content=\"Nuestra historia Almacenes Progreso SRL nace en la ciudad de Santo Domingo, Rep\u00fablica Dominicana a finales del a\u00f1o 2014. Surge con la idea de formar una empresa que supliera a la sociedad dominicana de productos de consumo masivo con calidad superior y a precios competitivos, teniendo siempre como prioridad un servicio de primera. En sus [&hellip;]\" \/>\n<meta property=\"og:url\" content=\"https:\/\/almacenesprogreso.com\/?page_id=83\" \/>\n<meta property=\"og:site_name\" content=\"Almacenes Progreso\" \/>\n<meta property=\"article:modified_time\" content=\"2021-05-17T16:01:22+00:00\" \/>\n<meta property=\"og:image\" content=\"http:\/\/almacenesprogreso.com\/wp-content\/uploads\/2021\/02\/nosotros-1.jpg\" \/>\n<meta name=\"twitter:card\" content=\"summary_large_image\" \/>\n<meta name=\"twitter:label1\" content=\"Tiempo de lectura\">\n\t<meta name=\"twitter:data1\" content=\"3 minutos\">\n<script type=\"application\/ld+json\" class=\"yoast-schema-graph\">{\"@context\":\"https:\/\/schema.org\",\"@graph\":[{\"@type\":\"WebSite\",\"@id\":\"https:\/\/almacenesprogreso.com\/#website\",\"url\":\"https:\/\/almacenesprogreso.com\/\",\"name\":\"Almacenes Progreso\",\"description\":\"Santo Domingo, Rep. Dominicana\",\"potentialAction\":[{\"@type\":\"SearchAction\",\"target\":\"https:\/\/almacenesprogreso.com\/?s={search_term_string}\",\"query-input\":\"required name=search_term_string\"}],\"inLanguage\":\"es\"},{\"@type\":\"ImageObject\",\"@id\":\"https:\/\/almacenesprogreso.com\/?page_id=83#primaryimage\",\"inLanguage\":\"es\",\"url\":\"http:\/\/almacenesprogreso.com\/wp-content\/uploads\/2021\/02\/nosotros-1.jpg\",\"contentUrl\":\"http:\/\/almacenesprogreso.com\/wp-content\/uploads\/2021\/02\/nosotros-1.jpg\"},{\"@type\":\"WebPage\",\"@id\":\"https:\/\/almacenesprogreso.com\/?page_id=83#webpage\",\"url\":\"https:\/\/almacenesprogreso.com\/?page_id=83\",\"name\":\"Nosotros &bull; Almacenes Progreso\",\"isPartOf\":{\"@id\":\"https:\/\/almacenesprogreso.com\/#website\"},\"primaryImageOfPage\":{\"@id\":\"https:\/\/almacenesprogreso.com\/?page_id=83#primaryimage\"},\"datePublished\":\"2021-02-20T00:26:06+00:00\",\"dateModified\":\"2021-05-17T16:01:22+00:00\",\"breadcrumb\":{\"@id\":\"https:\/\/almacenesprogreso.com\/?page_id=83#breadcrumb\"},\"inLanguage\":\"es\",\"potentialAction\":[{\"@type\":\"ReadAction\",\"target\":[\"https:\/\/almacenesprogreso.com\/?page_id=83\"]}]},{\"@type\":\"BreadcrumbList\",\"@id\":\"https:\/\/almacenesprogreso.com\/?page_id=83#breadcrumb\",\"itemListElement\":[{\"@type\":\"ListItem\",\"position\":1,\"item\":{\"@type\":\"WebPage\",\"@id\":\"https:\/\/almacenesprogreso.com\/\",\"url\":\"https:\/\/almacenesprogreso.com\/\",\"name\":\"Inicio\"}},{\"@type\":\"ListItem\",\"position\":2,\"item\":{\"@type\":\"WebPage\",\"@id\":\"https:\/\/almacenesprogreso.com\/?page_id=83\",\"url\":\"https:\/\/almacenesprogreso.com\/?page_id=83\",\"name\":\"Nosotros\"}}]}]}<\/script>\n<!-- \/ Yoast SEO plugin. -->","_links":{"self":[{"href":"https:\/\/almacenesprogreso.com\/index.php?rest_route=\/wp\/v2\/pages\/83","targetHints":{"allow":["GET"]}}],"collection":[{"href":"https:\/\/almacenesprogreso.com\/index.php?rest_route=\/wp\/v2\/pages"}],"about":[{"href":"https:\/\/almacenesprogreso.com\/index.php?rest_route=\/wp\/v2\/types\/page"}],"author":[{"embeddable":true,"href":"https:\/\/almacenesprogreso.com\/index.php?rest_route=\/wp\/v2\/users\/1"}],"replies":[{"embeddable":true,"href":"https:\/\/almacenesprogreso.com\/index.php?rest_route=%2Fwp%2Fv2%2Fcomments&post=83"}],"version-history":[{"count":41,"href":"https:\/\/almacenesprogreso.com\/index.php?rest_route=\/wp\/v2\/pages\/83\/revisions"}],"predecessor-version":[{"id":828,"href":"https:\/\/almacenesprogreso.com\/index.php?rest_route=\/wp\/v2\/pages\/83\/revisions\/828"}],"wp:attachment":[{"href":"https:\/\/almacenesprogreso.com\/index.php?rest_route=%2Fwp%2Fv2%2Fmedia&parent=83"}],"curies":[{"name":"wp","href":"https:\/\/api.w.org\/{rel}","templated":true}]}}