{"id":24,"date":"2021-01-22T22:24:47","date_gmt":"2021-01-22T22:24:47","guid":{"rendered":"http:\/\/almacenesprogreso.com\/?page_id=24"},"modified":"2021-04-29T16:08:49","modified_gmt":"2021-04-29T20:08:49","slug":"home","status":"publish","type":"page","link":"https:\/\/almacenesprogreso.com\/","title":{"rendered":"Inicio"},"content":{"rendered":"\t\t<div data-elementor-type=\"wp-page\" data-elementor-id=\"24\" class=\"elementor elementor-24\" data-elementor-settings=\"[]\">\n\t\t\t\t\t\t\t<div class=\"elementor-section-wrap\">\n\t\t\t\t\t\t\t<section class=\"elementor-section elementor-top-section elementor-element elementor-element-23e7025 elementor-section-boxed elementor-section-height-default elementor-section-height-default\" data-id=\"23e7025\" data-element_type=\"section\">\n\t\t\t\t\t\t<div class=\"elementor-container elementor-column-gap-default\">\n\t\t\t\t\t<div class=\"elementor-column elementor-col-100 elementor-top-column elementor-element elementor-element-618661c\" data-id=\"618661c\" data-element_type=\"column\">\n\t\t\t<div class=\"elementor-widget-wrap elementor-element-populated\">\n\t\t\t\t\t\t\t\t<div class=\"elementor-element elementor-element-84fd558 elementor-widget elementor-widget-shortcode\" data-id=\"84fd558\" data-element_type=\"widget\" data-widget_type=\"shortcode.default\">\n\t\t\t\t<div class=\"elementor-widget-container\">\n\t\t\t\t\t<div class=\"elementor-shortcode\"><\/div>\n\t\t\t\t<\/div>\n\t\t\t\t<\/div>\n\t\t\t\t\t<\/div>\n\t\t<\/div>\n\t\t\t\t\t\t\t<\/div>\n\t\t<\/section>\n\t\t\t\t<section class=\"elementor-section elementor-top-section elementor-element elementor-element-49f4e49 elementor-section-boxed elementor-section-height-default elementor-section-height-default\" data-id=\"49f4e49\" data-element_type=\"section\">\n\t\t\t\t\t\t<div class=\"elementor-container elementor-column-gap-narrow\">\n\t\t\t\t\t<div class=\"elementor-column elementor-col-33 elementor-top-column elementor-element elementor-element-9425473\" data-id=\"9425473\" data-element_type=\"column\">\n\t\t\t<div class=\"elementor-widget-wrap elementor-element-populated\">\n\t\t\t\t\t\t\t\t<div class=\"elementor-element elementor-element-7766fe6 productos-destacados elementor-position-top elementor-vertical-align-top elementor-widget elementor-widget-image-box\" data-id=\"7766fe6\" data-element_type=\"widget\" data-widget_type=\"image-box.default\">\n\t\t\t\t<div class=\"elementor-widget-container\">\n\t\t\t<div class=\"elementor-image-box-wrapper\"><figure class=\"elementor-image-box-img\"><img loading=\"lazy\" decoding=\"async\" width=\"647\" height=\"463\" src=\"https:\/\/almacenesprogreso.com\/wp-content\/uploads\/2021\/02\/panales-naturales.png\" class=\"attachment-full size-full\" alt=\"\" srcset=\"https:\/\/almacenesprogreso.com\/wp-content\/uploads\/2021\/02\/panales-naturales.png 647w, https:\/\/almacenesprogreso.com\/wp-content\/uploads\/2021\/02\/panales-naturales-300x215.png 300w\" sizes=\"auto, (max-width: 647px) 100vw, 647px\" \/><\/figure><div class=\"elementor-image-box-content\"><h5 class=\"elementor-image-box-title\"><span>Sleepy:<\/span> Pa\u00f1al Natural<\/h5><p class=\"elementor-image-box-description\">C\u00f3modos con suavidad \u00fanica. \nHecho de fibras absorbentes de \nbamb\u00fa natural, algod\u00f3n org\u00e1nico \ny agua, ofrece una agradable sensaci\u00f3n \nde frescura libre de humedad por \nmucho m\u00e1s tiempo.<\/p><\/div><\/div>\t\t<\/div>\n\t\t\t\t<\/div>\n\t\t\t\t\t<\/div>\n\t\t<\/div>\n\t\t\t\t<div class=\"elementor-column elementor-col-33 elementor-top-column elementor-element elementor-element-b10c74d\" data-id=\"b10c74d\" data-element_type=\"column\">\n\t\t\t<div class=\"elementor-widget-wrap elementor-element-populated\">\n\t\t\t\t\t\t\t\t<div class=\"elementor-element elementor-element-907f984 productos-destacados elementor-position-top elementor-vertical-align-top elementor-widget elementor-widget-image-box\" data-id=\"907f984\" data-element_type=\"widget\" data-widget_type=\"image-box.default\">\n\t\t\t\t<div class=\"elementor-widget-container\">\n\t\t\t<div class=\"elementor-image-box-wrapper\"><figure class=\"elementor-image-box-img\"><img loading=\"lazy\" decoding=\"async\" width=\"647\" height=\"463\" src=\"https:\/\/almacenesprogreso.com\/wp-content\/uploads\/2021\/02\/productos.png\" class=\"attachment-full size-full\" alt=\"\" srcset=\"https:\/\/almacenesprogreso.com\/wp-content\/uploads\/2021\/02\/productos.png 647w, https:\/\/almacenesprogreso.com\/wp-content\/uploads\/2021\/02\/productos-300x215.png 300w\" sizes=\"auto, (max-width: 647px) 100vw, 647px\" \/><\/figure><div class=\"elementor-image-box-content\"><h5 class=\"elementor-image-box-title\"><span>PEROS:<\/span> L\u00cdNEA DE LIMPIEZA<\/h5><p class=\"elementor-image-box-description\">Productos Peros son tu aliado principal \nen las tareas de la casa, productos de \nexcelente calidad y precio.<span style=\"color: var( --e-global-color-text ); font-family: var( --e-global-typography-text-font-family ), Sans-serif; font-size: 1rem; font-weight: var( --e-global-typography-text-font-weight );\"><\/span><\/p><\/div><\/div>\t\t<\/div>\n\t\t\t\t<\/div>\n\t\t\t\t\t<\/div>\n\t\t<\/div>\n\t\t\t\t<div class=\"elementor-column elementor-col-33 elementor-top-column elementor-element elementor-element-f02739a\" data-id=\"f02739a\" data-element_type=\"column\">\n\t\t\t<div class=\"elementor-widget-wrap elementor-element-populated\">\n\t\t\t\t\t\t\t\t<div class=\"elementor-element elementor-element-9d826d9 elementor-widget elementor-widget-eael-feature-list\" data-id=\"9d826d9\" data-element_type=\"widget\" id=\"marcas-home\" data-widget_type=\"eael-feature-list.default\">\n\t\t\t\t<div class=\"elementor-widget-container\">\n\t\t\t\t\t<div class=\"-icon-position-left -tablet-icon-position-left -mobile-icon-position-left\">\n\t\t\t<ul id=\"eael-feature-list-9d826d9\" class=\"eael-feature-list-items square stacked \">\n\t\t\t                <li class=\"eael-feature-list-item\">\n                    \n\t\t\t\t\t\t<div class=\"eael-feature-list-icon-box\">\n\t\t\t\t\t\t\t<div class=\"eael-feature-list-icon-inner\">\n\n\t\t\t\t\t\t\t\t<a class=\"eael-feature-list-icon fl-icon-0\"href=\"\/marcas\/sleepy\/\">\n\n\t\t<img decoding=\"async\" src=\"https:\/\/almacenesprogreso.com\/wp-content\/uploads\/2021\/02\/sleepy.png\" class=\"eael-feature-list-img\" alt=\"\">\t\t\t\t\t\t\t\t<\/a>\n\t\t\t\t\t\t\t<\/div>\n\t\t\t\t\t\t<\/div>\n\t\t\t\t\t\t<div class=\"eael-feature-list-content-box\">\n\t\t\t\t\t\t\t<h5 class=\"eael-feature-list-title\"\t\t\t\t\t\t\t><a href=\"\/marcas\/sleepy\/\">Sleepy<\/a><\/h5\t\t\t\t\t\t>\n\t\t\t\t\t\t<p class=\"eael-feature-list-content\">Gama de productos higi\u00e9nicos marca la diferencia en su sector.<\/p>\n\t\t\t\t\t\t<\/div>\n\n\t\t\t\t\t<\/li>\n\t\t\t\t                <li class=\"eael-feature-list-item\">\n                    \n\t\t\t\t\t\t<div class=\"eael-feature-list-icon-box\">\n\t\t\t\t\t\t\t<div class=\"eael-feature-list-icon-inner\">\n\n\t\t\t\t\t\t\t\t<a class=\"eael-feature-list-icon fl-icon-1\"href=\"\/marcas\/peros\/\">\n\n\t\t<img decoding=\"async\" src=\"https:\/\/almacenesprogreso.com\/wp-content\/uploads\/2021\/02\/peros.png\" class=\"eael-feature-list-img\" alt=\"\">\t\t\t\t\t\t\t\t<\/a>\n\t\t\t\t\t\t\t<\/div>\n\t\t\t\t\t\t<\/div>\n\t\t\t\t\t\t<div class=\"eael-feature-list-content-box\">\n\t\t\t\t\t\t\t<h5 class=\"eael-feature-list-title\"\t\t\t\t\t\t\t><a href=\"\/marcas\/peros\/\">Peros<\/a><\/h5\t\t\t\t\t\t>\n\t\t\t\t\t\t<p class=\"eael-feature-list-content\">Productos de limpieza personal y para el hogar.<\/p>\n\t\t\t\t\t\t<\/div>\n\n\t\t\t\t\t<\/li>\n\t\t\t\t                <li class=\"eael-feature-list-item\">\n                    \n\t\t\t\t\t\t<div class=\"eael-feature-list-icon-box\">\n\t\t\t\t\t\t\t<div class=\"eael-feature-list-icon-inner\">\n\n\t\t\t\t\t\t\t\t<a class=\"eael-feature-list-icon fl-icon-2\"href=\"\/marcas\/isacco\/\">\n\n\t\t<img decoding=\"async\" src=\"https:\/\/almacenesprogreso.com\/wp-content\/uploads\/2021\/02\/isacco.png\" class=\"eael-feature-list-img\" alt=\"\">\t\t\t\t\t\t\t\t<\/a>\n\t\t\t\t\t\t\t<\/div>\n\t\t\t\t\t\t<\/div>\n\t\t\t\t\t\t<div class=\"eael-feature-list-content-box\">\n\t\t\t\t\t\t\t<h5 class=\"eael-feature-list-title\"\t\t\t\t\t\t\t><a href=\"\/marcas\/isacco\/\">Isacco<\/a><\/h5\t\t\t\t\t\t>\n\t\t\t\t\t\t<p class=\"eael-feature-list-content\">Esponjas y brillos de alta calidad para el hogar.<\/p>\n\t\t\t\t\t\t<\/div>\n\n\t\t\t\t\t<\/li>\n\t\t\t\t                <li class=\"eael-feature-list-item\">\n                    \n\t\t\t\t\t\t<div class=\"eael-feature-list-icon-box\">\n\t\t\t\t\t\t\t<div class=\"eael-feature-list-icon-inner\">\n\n\t\t\t\t\t\t\t\t<a class=\"eael-feature-list-icon fl-icon-3\"href=\"\/marcas\/ap-superlavado\/\">\n\n\t\t<img decoding=\"async\" src=\"https:\/\/almacenesprogreso.com\/wp-content\/uploads\/2021\/02\/super-lavado.png\" class=\"eael-feature-list-img\" alt=\"\">\t\t\t\t\t\t\t\t<\/a>\n\t\t\t\t\t\t\t<\/div>\n\t\t\t\t\t\t<\/div>\n\t\t\t\t\t\t<div class=\"eael-feature-list-content-box\">\n\t\t\t\t\t\t\t<h5 class=\"eael-feature-list-title\"\t\t\t\t\t\t\t><a href=\"\/marcas\/ap-superlavado\/\">AP Super Lavado<\/a><\/h5\t\t\t\t\t\t>\n\t\t\t\t\t\t<p class=\"eael-feature-list-content\">Detergentes que  rinden m\u00e1s<\/p>\n\t\t\t\t\t\t<\/div>\n\n\t\t\t\t\t<\/li>\n\t\t\t\t\t\t\t<\/ul>\n\t\t<\/div>\n\t\t\t\t<\/div>\n\t\t\t\t<\/div>\n\t\t\t\t\t<\/div>\n\t\t<\/div>\n\t\t\t\t\t\t\t<\/div>\n\t\t<\/section>\n\t\t\t\t<section class=\"elementor-section elementor-top-section elementor-element elementor-element-92e6ac2 elementor-section-stretched elementor-section-boxed elementor-section-height-default elementor-section-height-default\" data-id=\"92e6ac2\" data-element_type=\"section\" data-settings=\"{&quot;stretch_section&quot;:&quot;section-stretched&quot;,&quot;background_background&quot;:&quot;classic&quot;}\">\n\t\t\t\t\t\t<div class=\"elementor-container elementor-column-gap-default\">\n\t\t\t\t\t<div class=\"elementor-column elementor-col-33 elementor-top-column elementor-element elementor-element-5266f94\" data-id=\"5266f94\" data-element_type=\"column\">\n\t\t\t<div class=\"elementor-widget-wrap elementor-element-populated\">\n\t\t\t\t\t\t\t\t<div class=\"elementor-element elementor-element-13aa451 elementor-widget elementor-widget-eael-feature-list\" data-id=\"13aa451\" data-element_type=\"widget\" data-widget_type=\"eael-feature-list.default\">\n\t\t\t\t<div class=\"elementor-widget-container\">\n\t\t\t\t\t<div class=\"-icon-position-left -tablet-icon-position-left -mobile-icon-position-left\">\n\t\t\t<ul id=\"eael-feature-list-13aa451\" class=\"eael-feature-list-items circle stacked \">\n\t\t\t                <li class=\"eael-feature-list-item\">\n                    \n\t\t\t\t\t\t<div class=\"eael-feature-list-icon-box\">\n\t\t\t\t\t\t\t<div class=\"eael-feature-list-icon-inner\">\n\n\t\t\t\t\t\t\t\t<span class=\"eael-feature-list-icon fl-icon-0\">\n\n\t\t<i aria-hidden=\"true\" style=\"color:;\" class=\"fas fa-globe-americas\"><\/i>\t\t\t\t\t\t\t\t<\/span>\n\t\t\t\t\t\t\t<\/div>\n\t\t\t\t\t\t<\/div>\n\t\t\t\t\t\t<div class=\"eael-feature-list-content-box\">\n\t\t\t\t\t\t\t<h3 class=\"eael-feature-list-title\"\t\t\t\t\t\t\t>Todo el territorio nacional<\/h3\t\t\t\t\t\t>\n\t\t\t\t\t\t<p class=\"eael-feature-list-content\">Nuestra flotilla de veh\u00edculos, con \ndiferentes capacidades, est\u00e1 lista \npara en un tiempo m\u00ednimo de \ncompromiso hacer llegar nuestros \nproductos a cualquier punto del \nterritorio nacional. <\/p>\n\t\t\t\t\t\t<\/div>\n\n\t\t\t\t\t<\/li>\n\t\t\t\t                <li class=\"eael-feature-list-item\">\n                    \n\t\t\t\t\t\t<div class=\"eael-feature-list-icon-box\">\n\t\t\t\t\t\t\t<div class=\"eael-feature-list-icon-inner\">\n\n\t\t\t\t\t\t\t\t<span class=\"eael-feature-list-icon fl-icon-1\">\n\n\t\t<i aria-hidden=\"true\" style=\"color:;\" class=\"fas fa-thumbs-up\"><\/i>\t\t\t\t\t\t\t\t<\/span>\n\t\t\t\t\t\t\t<\/div>\n\t\t\t\t\t\t<\/div>\n\t\t\t\t\t\t<div class=\"eael-feature-list-content-box\">\n\t\t\t\t\t\t\t<h3 class=\"eael-feature-list-title\"\t\t\t\t\t\t\t>Productos garantizados<\/h3\t\t\t\t\t\t>\n\t\t\t\t\t\t<p class=\"eael-feature-list-content\">Ofrecemos nuestro respaldo ante cualquier situaci\u00f3n de calidad que pudiera \npresentarse, de forma que su \nsatisfacci\u00f3n ser\u00e1 garantizada 100%.  <\/p>\n\t\t\t\t\t\t<\/div>\n\n\t\t\t\t\t<\/li>\n\t\t\t\t\t\t\t<\/ul>\n\t\t<\/div>\n\t\t\t\t<\/div>\n\t\t\t\t<\/div>\n\t\t\t\t\t<\/div>\n\t\t<\/div>\n\t\t\t\t<div class=\"elementor-column elementor-col-33 elementor-top-column elementor-element elementor-element-21cc17c\" data-id=\"21cc17c\" data-element_type=\"column\">\n\t\t\t<div class=\"elementor-widget-wrap elementor-element-populated\">\n\t\t\t\t\t\t\t\t<div class=\"elementor-element elementor-element-6d0453b elementor-widget elementor-widget-eael-feature-list\" data-id=\"6d0453b\" data-element_type=\"widget\" data-widget_type=\"eael-feature-list.default\">\n\t\t\t\t<div class=\"elementor-widget-container\">\n\t\t\t\t\t<div class=\"-icon-position-left -tablet-icon-position-left -mobile-icon-position-left\">\n\t\t\t<ul id=\"eael-feature-list-6d0453b\" class=\"eael-feature-list-items circle stacked \">\n\t\t\t                <li class=\"eael-feature-list-item\">\n                    \n\t\t\t\t\t\t<div class=\"eael-feature-list-icon-box\">\n\t\t\t\t\t\t\t<div class=\"eael-feature-list-icon-inner\">\n\n\t\t\t\t\t\t\t\t<span class=\"eael-feature-list-icon fl-icon-0\">\n\n\t\t<i aria-hidden=\"true\" style=\"color:;\" class=\"fas fa-box\"><\/i>\t\t\t\t\t\t\t\t<\/span>\n\t\t\t\t\t\t\t<\/div>\n\t\t\t\t\t\t<\/div>\n\t\t\t\t\t\t<div class=\"eael-feature-list-content-box\">\n\t\t\t\t\t\t\t<h3 class=\"eael-feature-list-title\"\t\t\t\t\t\t\t>Capacidad de Abastecimiento<\/h3\t\t\t\t\t\t>\n\t\t\t\t\t\t<p class=\"eael-feature-list-content\">Nuestros inventarios son actualizados \ndiariamente con el fin de proyectar \nnuestra demanda y as\u00ed poder garantizar \na nuestros clientes la disponibilidad \nque desean en el momento que \nlo requieran.<\/p>\n\t\t\t\t\t\t<\/div>\n\n\t\t\t\t\t<\/li>\n\t\t\t\t                <li class=\"eael-feature-list-item\">\n                    \n\t\t\t\t\t\t<div class=\"eael-feature-list-icon-box\">\n\t\t\t\t\t\t\t<div class=\"eael-feature-list-icon-inner\">\n\n\t\t\t\t\t\t\t\t<span class=\"eael-feature-list-icon fl-icon-1\">\n\n\t\t<i aria-hidden=\"true\" style=\"color:;\" class=\"fas fa-cog\"><\/i>\t\t\t\t\t\t\t\t<\/span>\n\t\t\t\t\t\t\t<\/div>\n\t\t\t\t\t\t<\/div>\n\t\t\t\t\t\t<div class=\"eael-feature-list-content-box\">\n\t\t\t\t\t\t\t<h3 class=\"eael-feature-list-title\"\t\t\t\t\t\t\t>Soporte<\/h3\t\t\t\t\t\t>\n\t\t\t\t\t\t<p class=\"eael-feature-list-content\">Damos la cara. Si por alguna situaci\u00f3n no estas conforme con lo que recibiste o como lo recibiste, ac\u00e9rcate a nosotros y estaremos aqu\u00ed para juntos buscar la soluci\u00f3n que garantice tu satisfacci\u00f3n.<\/p>\n\t\t\t\t\t\t<\/div>\n\n\t\t\t\t\t<\/li>\n\t\t\t\t\t\t\t<\/ul>\n\t\t<\/div>\n\t\t\t\t<\/div>\n\t\t\t\t<\/div>\n\t\t\t\t\t<\/div>\n\t\t<\/div>\n\t\t\t\t<div class=\"elementor-column elementor-col-33 elementor-top-column elementor-element elementor-element-0db6aef\" data-id=\"0db6aef\" data-element_type=\"column\">\n\t\t\t<div class=\"elementor-widget-wrap elementor-element-populated\">\n\t\t\t\t\t\t\t\t<div class=\"elementor-element elementor-element-0bbc4e3 elementor-widget elementor-widget-image\" data-id=\"0bbc4e3\" data-element_type=\"widget\" data-widget_type=\"image.default\">\n\t\t\t\t<div class=\"elementor-widget-container\">\n\t\t\t\t\t<div class=\"elementor-image\">\n\t\t\t\t\t\t\t\t\t\t<img loading=\"lazy\" decoding=\"async\" width=\"598\" height=\"438\" src=\"https:\/\/almacenesprogreso.com\/wp-content\/uploads\/2021\/02\/green-mark.jpg\" class=\"attachment-large size-large\" alt=\"\" srcset=\"https:\/\/almacenesprogreso.com\/wp-content\/uploads\/2021\/02\/green-mark.jpg 598w, https:\/\/almacenesprogreso.com\/wp-content\/uploads\/2021\/02\/green-mark-300x220.jpg 300w\" sizes=\"auto, (max-width: 598px) 100vw, 598px\" \/>\t\t\t\t\t\t\t\t\t\t\t<\/div>\n\t\t\t\t<\/div>\n\t\t\t\t<\/div>\n\t\t\t\t\t<\/div>\n\t\t<\/div>\n\t\t\t\t\t\t\t<\/div>\n\t\t<\/section>\n\t\t\t\t\t\t<\/div>\n\t\t\t\t\t<\/div>\n\t\t","protected":false},"excerpt":{"rendered":"<p>Sleepy: Pa\u00f1al Natural C\u00f3modos con suavidad \u00fanica. Hecho de fibras absorbentes de bamb\u00fa natural, algod\u00f3n org\u00e1nico y agua, ofrece una agradable sensaci\u00f3n de frescura libre de humedad por mucho m\u00e1s tiempo. PEROS: L\u00cdNEA DE LIMPIEZA Productos Peros son tu aliado principal en las tareas de la casa, productos de excelente calidad y precio. Sleepy Gama [&hellip;]<\/p>\n","protected":false},"author":1,"featured_media":0,"parent":0,"menu_order":0,"comment_status":"closed","ping_status":"open","template":"","meta":{"footnotes":""},"class_list":["post-24","page","type-page","status-publish","hentry"],"yoast_head":"<!-- This site is optimized with the Yoast SEO plugin v16.1.1 - https:\/\/yoast.com\/wordpress\/plugins\/seo\/ -->\n<title>Inicio &bull; Almacenes Progreso<\/title>\n<link rel=\"canonical\" href=\"https:\/\/almacenesprogreso.com\/\" \/>\n<meta property=\"og:locale\" content=\"es_ES\" \/>\n<meta property=\"og:type\" content=\"article\" \/>\n<meta property=\"og:title\" content=\"Inicio &bull; Almacenes Progreso\" \/>\n<meta property=\"og:description\" content=\"Sleepy: Pa\u00f1al Natural C\u00f3modos con suavidad \u00fanica. Hecho de fibras absorbentes de bamb\u00fa natural, algod\u00f3n org\u00e1nico y agua, ofrece una agradable sensaci\u00f3n de frescura libre de humedad por mucho m\u00e1s tiempo. PEROS: L\u00cdNEA DE LIMPIEZA Productos Peros son tu aliado principal en las tareas de la casa, productos de excelente calidad y precio. Sleepy Gama [&hellip;]\" \/>\n<meta property=\"og:url\" content=\"https:\/\/almacenesprogreso.com\/\" \/>\n<meta property=\"og:site_name\" content=\"Almacenes Progreso\" \/>\n<meta property=\"article:modified_time\" content=\"2021-04-29T20:08:49+00:00\" \/>\n<meta property=\"og:image\" content=\"http:\/\/almacenesprogreso.com\/wp-content\/uploads\/2021\/02\/panales-naturales.png\" \/>\n<meta name=\"twitter:card\" content=\"summary_large_image\" \/>\n<meta name=\"twitter:label1\" content=\"Tiempo de lectura\">\n\t<meta name=\"twitter:data1\" content=\"3 minutos\">\n<script type=\"application\/ld+json\" class=\"yoast-schema-graph\">{\"@context\":\"https:\/\/schema.org\",\"@graph\":[{\"@type\":\"WebSite\",\"@id\":\"https:\/\/almacenesprogreso.com\/#website\",\"url\":\"https:\/\/almacenesprogreso.com\/\",\"name\":\"Almacenes Progreso\",\"description\":\"Santo Domingo, Rep. Dominicana\",\"potentialAction\":[{\"@type\":\"SearchAction\",\"target\":\"https:\/\/almacenesprogreso.com\/?s={search_term_string}\",\"query-input\":\"required name=search_term_string\"}],\"inLanguage\":\"es\"},{\"@type\":\"ImageObject\",\"@id\":\"https:\/\/almacenesprogreso.com\/#primaryimage\",\"inLanguage\":\"es\",\"url\":\"http:\/\/almacenesprogreso.com\/wp-content\/uploads\/2021\/02\/panales-naturales.png\",\"contentUrl\":\"http:\/\/almacenesprogreso.com\/wp-content\/uploads\/2021\/02\/panales-naturales.png\"},{\"@type\":\"WebPage\",\"@id\":\"https:\/\/almacenesprogreso.com\/#webpage\",\"url\":\"https:\/\/almacenesprogreso.com\/\",\"name\":\"Inicio &bull; Almacenes Progreso\",\"isPartOf\":{\"@id\":\"https:\/\/almacenesprogreso.com\/#website\"},\"primaryImageOfPage\":{\"@id\":\"https:\/\/almacenesprogreso.com\/#primaryimage\"},\"datePublished\":\"2021-01-22T22:24:47+00:00\",\"dateModified\":\"2021-04-29T20:08:49+00:00\",\"breadcrumb\":{\"@id\":\"https:\/\/almacenesprogreso.com\/#breadcrumb\"},\"inLanguage\":\"es\",\"potentialAction\":[{\"@type\":\"ReadAction\",\"target\":[\"https:\/\/almacenesprogreso.com\/\"]}]},{\"@type\":\"BreadcrumbList\",\"@id\":\"https:\/\/almacenesprogreso.com\/#breadcrumb\",\"itemListElement\":[{\"@type\":\"ListItem\",\"position\":1,\"item\":{\"@type\":\"WebPage\",\"@id\":\"https:\/\/almacenesprogreso.com\/\",\"url\":\"https:\/\/almacenesprogreso.com\/\",\"name\":\"Inicio\"}},{\"@type\":\"ListItem\",\"position\":2,\"item\":{\"@type\":\"WebPage\",\"@id\":\"https:\/\/almacenesprogreso.com\/\",\"url\":\"https:\/\/almacenesprogreso.com\/\",\"name\":\"Inicio\"}}]}]}<\/script>\n<!-- \/ Yoast SEO plugin. -->","_links":{"self":[{"href":"https:\/\/almacenesprogreso.com\/index.php?rest_route=\/wp\/v2\/pages\/24","targetHints":{"allow":["GET"]}}],"collection":[{"href":"https:\/\/almacenesprogreso.com\/index.php?rest_route=\/wp\/v2\/pages"}],"about":[{"href":"https:\/\/almacenesprogreso.com\/index.php?rest_route=\/wp\/v2\/types\/page"}],"author":[{"embeddable":true,"href":"https:\/\/almacenesprogreso.com\/index.php?rest_route=\/wp\/v2\/users\/1"}],"replies":[{"embeddable":true,"href":"https:\/\/almacenesprogreso.com\/index.php?rest_route=%2Fwp%2Fv2%2Fcomments&post=24"}],"version-history":[{"count":114,"href":"https:\/\/almacenesprogreso.com\/index.php?rest_route=\/wp\/v2\/pages\/24\/revisions"}],"predecessor-version":[{"id":787,"href":"https:\/\/almacenesprogreso.com\/index.php?rest_route=\/wp\/v2\/pages\/24\/revisions\/787"}],"wp:attachment":[{"href":"https:\/\/almacenesprogreso.com\/index.php?rest_route=%2Fwp%2Fv2%2Fmedia&parent=24"}],"curies":[{"name":"wp","href":"https:\/\/api.w.org\/{rel}","templated":true}]}}